{"id":2,"date":"2024-04-17T11:55:03","date_gmt":"2024-04-17T11:55:03","guid":{"rendered":"https:\/\/dev.bannerfly.de\/?page_id=2"},"modified":"2024-08-20T21:36:24","modified_gmt":"2024-08-20T19:36:24","slug":"unser-service","status":"publish","type":"page","link":"https:\/\/www.bannerfly.de\/en\/unser-service\/","title":{"rendered":"Our service"},"content":{"rendered":"<div data-elementor-type=\"wp-page\" data-elementor-id=\"2\" class=\"elementor elementor-2\">\n\t\t\t\t<div class=\"elementor-element elementor-element-1e18233a e-flex e-con-boxed e-con e-parent\" data-id=\"1e18233a\" data-element_type=\"container\">\n\t\t\t\t\t<div class=\"e-con-inner\">\n\t\t\t\t<div class=\"elementor-element elementor-element-2b8cf8a7 elementor-widget elementor-widget-heading\" data-id=\"2b8cf8a7\" data-element_type=\"widget\" data-widget_type=\"heading.default\">\n\t\t\t\t<div class=\"elementor-widget-container\">\n\t\t\t\t\t<h1 class=\"elementor-heading-title elementor-size-default\">Our service<\/h1>\t\t\t\t<\/div>\n\t\t\t\t<\/div>\n\t\t\t\t\t<\/div>\n\t\t\t\t<\/div>\n\t\t<div class=\"elementor-element elementor-element-a5d19cb e-flex e-con-boxed e-con e-parent\" data-id=\"a5d19cb\" data-element_type=\"container\">\n\t\t\t\t\t<div class=\"e-con-inner\">\n\t\t\t\t<div class=\"elementor-element elementor-element-9aff2a5 elementor-widget-divider--view-line elementor-widget elementor-widget-divider\" data-id=\"9aff2a5\" data-element_type=\"widget\" data-widget_type=\"divider.default\">\n\t\t\t\t<div class=\"elementor-widget-container\">\n\t\t\t\t\t\t\t<div class=\"elementor-divider\">\n\t\t\t<span class=\"elementor-divider-separator\">\n\t\t\t\t\t\t<\/span>\n\t\t<\/div>\n\t\t\t\t\t\t<\/div>\n\t\t\t\t<\/div>\n\t\t\t\t\t<\/div>\n\t\t\t\t<\/div>\n\t\t<div class=\"elementor-element elementor-element-8480c13 e-flex e-con-boxed e-con e-parent\" data-id=\"8480c13\" data-element_type=\"container\">\n\t\t\t\t\t<div class=\"e-con-inner\">\n\t\t\t\t<div class=\"elementor-element elementor-element-7d93e70 elementor-widget elementor-widget-heading\" data-id=\"7d93e70\" data-element_type=\"widget\" data-widget_type=\"heading.default\">\n\t\t\t\t<div class=\"elementor-widget-container\">\n\t\t\t\t\t<h2 class=\"elementor-heading-title elementor-size-default\">State-of-the-art technology for your advertising to fly high<\/h2>\t\t\t\t<\/div>\n\t\t\t\t<\/div>\n\t\t\t\t<div class=\"elementor-element elementor-element-73e78bd elementor-widget elementor-widget-text-editor\" data-id=\"73e78bd\" data-element_type=\"widget\" data-widget_type=\"text-editor.default\">\n\t\t\t\t<div class=\"elementor-widget-container\">\n\t\t\t\t\t\t\t\t\t<p>In contrast to larger motorized aircraft, modern ultralight aircraft are characterized by low fuel consumption, low operating costs and minimal noise pollution. Nevertheless, safety and reliability are guaranteed. We fly the new modern Comco Ikarus C 42 C, which allows us to tow banners up to 150 sqm in size.<\/p>\t\t\t\t\t\t\t\t<\/div>\n\t\t\t\t<\/div>\n\t\t\t\t<div class=\"elementor-element elementor-element-92b0cf2 elementor-widget elementor-widget-image\" data-id=\"92b0cf2\" data-element_type=\"widget\" data-widget_type=\"image.default\">\n\t\t\t\t<div class=\"elementor-widget-container\">\n\t\t\t\t\t\t\t\t\t\t\t\t<figure class=\"wp-caption\">\n\t\t\t\t\t\t\t\t\t\t<img fetchpriority=\"high\" decoding=\"async\" width=\"1140\" height=\"641\" src=\"https:\/\/www.bannerfly.de\/wp-content\/uploads\/technik-flugzeug.jpg\" class=\"attachment-full size-full wp-image-682\" alt=\"Unser Ultraleicht-Flugzeug\" srcset=\"https:\/\/www.bannerfly.de\/wp-content\/uploads\/technik-flugzeug.jpg 1140w, https:\/\/www.bannerfly.de\/wp-content\/uploads\/technik-flugzeug-300x169.jpg 300w, https:\/\/www.bannerfly.de\/wp-content\/uploads\/technik-flugzeug-1024x576.jpg 1024w, https:\/\/www.bannerfly.de\/wp-content\/uploads\/technik-flugzeug-768x432.jpg 768w, https:\/\/www.bannerfly.de\/wp-content\/uploads\/technik-flugzeug-18x10.jpg 18w\" sizes=\"(max-width: 1140px) 100vw, 1140px\" \/>\t\t\t\t\t\t\t\t\t\t\t<figcaption class=\"widget-image-caption wp-caption-text\">Ultralight aircraft of the type Comco Ikarus C42C<\/figcaption>\n\t\t\t\t\t\t\t\t\t\t<\/figure>\n\t\t\t\t\t\t\t\t\t<\/div>\n\t\t\t\t<\/div>\n\t\t\t\t<div class=\"elementor-element elementor-element-65b59d5 elementor-widget elementor-widget-text-editor\" data-id=\"65b59d5\" data-element_type=\"widget\" data-widget_type=\"text-editor.default\">\n\t\t\t\t<div class=\"elementor-widget-container\">\n\t\t\t\t\t\t\t\t\t<p>Request a non-binding offer from us. Simply and conveniently using our <a href=\"https:\/\/www.bannerfly.de\/en\/kontaktformular\/\">contact form<\/a>.<\/p>\t\t\t\t\t\t\t\t<\/div>\n\t\t\t\t<\/div>\n\t\t\t\t<div class=\"elementor-element elementor-element-68aabf9 elementor-widget elementor-widget-heading\" data-id=\"68aabf9\" data-element_type=\"widget\" data-widget_type=\"heading.default\">\n\t\t\t\t<div class=\"elementor-widget-container\">\n\t\t\t\t\t<h2 class=\"elementor-heading-title elementor-size-default\">PROFESSIONALISM and RELIABILITY<br>\nare very important to us!\n<\/h2>\t\t\t\t<\/div>\n\t\t\t\t<\/div>\n\t\t\t\t<div class=\"elementor-element elementor-element-e014e7e elementor-widget elementor-widget-text-editor\" data-id=\"e014e7e\" data-element_type=\"widget\" data-widget_type=\"text-editor.default\">\n\t\t\t\t<div class=\"elementor-widget-container\">\n\t\t\t\t\t\t\t\t\t<h2>BANNERFLY is your competent partner for the entire project handling. We only fly in Germany!<\/h2><p>In detail, we are at your disposal for the following services:<\/p><ul><li>Route planning,<\/li><li>Design and production of the banner,<\/li><li>Obtaining permits,<\/li><li>Preparation and execution of the advertising tows<\/li><li>Documentation and evaluation of flights with the help of GPS (Global Positioning System) recordings.<\/li><\/ul><p style=\"text-align: left;\" align=\"center\">We carry out your aerial advertising professionally, reliably and cost-effectively, from the conception and towing to the evaluation of the flight time.<\/p><p align=\"left\"><strong><span class=\"headline2\">We guarantee this:<\/span><\/strong><\/p><ul><li>Precisely scheduled deployments,<\/li><li>Full Service,<\/li><li>Top price-performance ratio.<\/li><\/ul><p>We are based in Giessen\/ Germanye, approx. 50 km north of Frankfurt\/Main. In order not to wear out your banner with unnecessary towing flights to your destination, we have the possibility to fly to transfer airfields in your area and only take off with your banner from there. Most gliding airfields are also suitable for take-offs with banners. The transfer flight is cheaper than the tow flight and your banner is spared. It may also make sense to contact our <a href=\"https:\/\/www.bannerfly.de\/en\/Unsere-Partner.html\/\">contractual partners<\/a>\u00a0throughout Germany instead of a transfer flight.<\/p><h2 align=\"left\">Ask BANNERFLY. We will find a cost-effective solution for you.<\/h2><p>Aerial advertising with flying banners is subject to authorization. Banner flights on Sundays, public holidays and Saturday afternoons require a special permit.<\/p><p>Unfortunately, aerial advertising is not permitted in strong gusty winds or rain showers. Canceled flight dates will be rescheduled immediately after consultation with you.<\/p>\t\t\t\t\t\t\t\t<\/div>\n\t\t\t\t<\/div>\n\t\t\t\t\t<\/div>\n\t\t\t\t<\/div>\n\t\t<div class=\"elementor-element elementor-element-933b875 e-flex e-con-boxed e-con e-parent\" data-id=\"933b875\" data-element_type=\"container\">\n\t\t\t\t\t<div class=\"e-con-inner\">\n\t\t\t\t<div class=\"elementor-element elementor-element-1d34500 elementor-widget elementor-widget-text-editor\" data-id=\"1d34500\" data-element_type=\"widget\" data-widget_type=\"text-editor.default\">\n\t\t\t\t<div class=\"elementor-widget-container\">\n\t\t\t\t\t\t\t\t\t<p>BANNERFLY will be happy to provide you with a non-binding offer due to the wide range of possible uses for aerial advertising. Please simply use our <a href=\"https:\/\/www.bannerfly.de\/en\/kontaktformular\/\"><em>contact form<\/em><\/a><em>.<\/em><\/p><p><strong>Full Service:<br \/><\/strong>From <em>banner production<\/em> to the execution of the advertising flight to the evaluation of the flights with the help of GPS data, we offer you everything from a single source at cost-effective conditions<\/p>\t\t\t\t\t\t\t\t<\/div>\n\t\t\t\t<\/div>\n\t\t\t\t\t<\/div>\n\t\t\t\t<\/div>\n\t\t\t\t<\/div>","protected":false},"excerpt":{"rendered":"<p>Unser Service Modernste Technik f\u00fcr den H\u00f6henflug Ihrer Werbung Moderne Ultraleichtflugzeuge zeichnen sich im Gegensatz zu gr\u00f6\u00dferen Motorflugzeugen durch niedrigen Kraftstoffverbrauch, geringe Betriebskosten und minimale L\u00e4rmbel\u00e4stigung aus. Trotzdem sind Sicherheit und Zuverl\u00e4ssigkeit gew\u00e4hrleistet. Wir fliegen mit dem neuen modernen Typ Comco Ikarus C 42 C, der es erlaubt, Banner bis zu einer Gr\u00f6\u00dfe von 150 [&hellip;]<\/p>","protected":false},"author":1,"featured_media":0,"parent":0,"menu_order":0,"comment_status":"closed","ping_status":"open","template":"","meta":{"footnotes":""},"class_list":["post-2","page","type-page","status-publish","hentry"],"yoast_head":"<!-- This site is optimized with the Yoast SEO plugin v27.3 - https:\/\/yoast.com\/product\/yoast-seo-wordpress\/ -->\n<title>Unser Service - Ihre Luftwerbung mit Bannerfly aus Hessen<\/title>\n<meta name=\"description\" content=\"Unser Service - Ihre Luftwerbung mit Bannerfly von der Konzeption bis hin zur Auswertung der Flugzeit professionell, zuverl\u00e4ssig, kosteng\u00fcnstig\" \/>\n<meta name=\"robots\" content=\"index, follow, max-snippet:-1, max-image-preview:large, max-video-preview:-1\" \/>\n<link rel=\"canonical\" href=\"https:\/\/www.bannerfly.de\/en\/unser-service\/\" \/>\n<meta property=\"og:locale\" content=\"en_GB\" \/>\n<meta property=\"og:type\" content=\"article\" \/>\n<meta property=\"og:title\" content=\"Unser Service - Ihre Luftwerbung mit Bannerfly aus Hessen\" \/>\n<meta property=\"og:description\" content=\"Unser Service - Ihre Luftwerbung mit Bannerfly von der Konzeption bis hin zur Auswertung der Flugzeit professionell, zuverl\u00e4ssig, kosteng\u00fcnstig\" \/>\n<meta property=\"og:url\" content=\"https:\/\/www.bannerfly.de\/en\/unser-service\/\" \/>\n<meta property=\"og:site_name\" content=\"Bannerfly\" \/>\n<meta property=\"article:modified_time\" content=\"2024-08-20T19:36:24+00:00\" \/>\n<meta property=\"og:image\" content=\"https:\/\/www.bannerfly.de\/wp-content\/uploads\/technik-flugzeug.jpg\" \/>\n<meta name=\"twitter:card\" content=\"summary_large_image\" \/>\n<meta name=\"twitter:label1\" content=\"Estimated reading time\" \/>\n\t<meta name=\"twitter:data1\" content=\"3 minutes\" \/>\n<script type=\"application\/ld+json\" class=\"yoast-schema-graph\">{\"@context\":\"https:\\\/\\\/schema.org\",\"@graph\":[{\"@type\":\"WebPage\",\"@id\":\"https:\\\/\\\/www.bannerfly.de\\\/unser-service\\\/\",\"url\":\"https:\\\/\\\/www.bannerfly.de\\\/unser-service\\\/\",\"name\":\"Unser Service - Ihre Luftwerbung mit Bannerfly aus Hessen\",\"isPartOf\":{\"@id\":\"https:\\\/\\\/www.bannerfly.de\\\/#website\"},\"primaryImageOfPage\":{\"@id\":\"https:\\\/\\\/www.bannerfly.de\\\/unser-service\\\/#primaryimage\"},\"image\":{\"@id\":\"https:\\\/\\\/www.bannerfly.de\\\/unser-service\\\/#primaryimage\"},\"thumbnailUrl\":\"https:\\\/\\\/www.bannerfly.de\\\/wp-content\\\/uploads\\\/technik-flugzeug.jpg\",\"datePublished\":\"2024-04-17T11:55:03+00:00\",\"dateModified\":\"2024-08-20T19:36:24+00:00\",\"description\":\"Unser Service - Ihre Luftwerbung mit Bannerfly von der Konzeption bis hin zur Auswertung der Flugzeit professionell, zuverl\u00e4ssig, kosteng\u00fcnstig\",\"breadcrumb\":{\"@id\":\"https:\\\/\\\/www.bannerfly.de\\\/unser-service\\\/#breadcrumb\"},\"inLanguage\":\"en-GB\",\"potentialAction\":[{\"@type\":\"ReadAction\",\"target\":[\"https:\\\/\\\/www.bannerfly.de\\\/unser-service\\\/\"]}]},{\"@type\":\"ImageObject\",\"inLanguage\":\"en-GB\",\"@id\":\"https:\\\/\\\/www.bannerfly.de\\\/unser-service\\\/#primaryimage\",\"url\":\"https:\\\/\\\/www.bannerfly.de\\\/wp-content\\\/uploads\\\/technik-flugzeug.jpg\",\"contentUrl\":\"https:\\\/\\\/www.bannerfly.de\\\/wp-content\\\/uploads\\\/technik-flugzeug.jpg\"},{\"@type\":\"BreadcrumbList\",\"@id\":\"https:\\\/\\\/www.bannerfly.de\\\/unser-service\\\/#breadcrumb\",\"itemListElement\":[{\"@type\":\"ListItem\",\"position\":1,\"name\":\"Startseite\",\"item\":\"https:\\\/\\\/www.bannerfly.de\\\/\"},{\"@type\":\"ListItem\",\"position\":2,\"name\":\"Unser Service\"}]},{\"@type\":\"WebSite\",\"@id\":\"https:\\\/\\\/www.bannerfly.de\\\/#website\",\"url\":\"https:\\\/\\\/www.bannerfly.de\\\/\",\"name\":\"Bannerfly\",\"description\":\"\",\"publisher\":{\"@id\":\"https:\\\/\\\/www.bannerfly.de\\\/#organization\"},\"potentialAction\":[{\"@type\":\"SearchAction\",\"target\":{\"@type\":\"EntryPoint\",\"urlTemplate\":\"https:\\\/\\\/www.bannerfly.de\\\/?s={search_term_string}\"},\"query-input\":{\"@type\":\"PropertyValueSpecification\",\"valueRequired\":true,\"valueName\":\"search_term_string\"}}],\"inLanguage\":\"en-GB\"},{\"@type\":\"Organization\",\"@id\":\"https:\\\/\\\/www.bannerfly.de\\\/#organization\",\"name\":\"Bannerfly\",\"url\":\"https:\\\/\\\/www.bannerfly.de\\\/\",\"logo\":{\"@type\":\"ImageObject\",\"inLanguage\":\"en-GB\",\"@id\":\"https:\\\/\\\/www.bannerfly.de\\\/#\\\/schema\\\/logo\\\/image\\\/\",\"url\":\"https:\\\/\\\/www.bannerfly.de\\\/wp-content\\\/uploads\\\/2024\\\/04\\\/header-1.png\",\"contentUrl\":\"https:\\\/\\\/www.bannerfly.de\\\/wp-content\\\/uploads\\\/2024\\\/04\\\/header-1.png\",\"width\":720,\"height\":98,\"caption\":\"Bannerfly\"},\"image\":{\"@id\":\"https:\\\/\\\/www.bannerfly.de\\\/#\\\/schema\\\/logo\\\/image\\\/\"}}]}<\/script>\n<!-- \/ Yoast SEO plugin. -->","yoast_head_json":{"title":"Unser Service - Ihre Luftwerbung mit Bannerfly aus Hessen","description":"Unser Service - Ihre Luftwerbung mit Bannerfly von der Konzeption bis hin zur Auswertung der Flugzeit professionell, zuverl\u00e4ssig, kosteng\u00fcnstig","robots":{"index":"index","follow":"follow","max-snippet":"max-snippet:-1","max-image-preview":"max-image-preview:large","max-video-preview":"max-video-preview:-1"},"canonical":"https:\/\/www.bannerfly.de\/en\/unser-service\/","og_locale":"en_GB","og_type":"article","og_title":"Unser Service - Ihre Luftwerbung mit Bannerfly aus Hessen","og_description":"Unser Service - Ihre Luftwerbung mit Bannerfly von der Konzeption bis hin zur Auswertung der Flugzeit professionell, zuverl\u00e4ssig, kosteng\u00fcnstig","og_url":"https:\/\/www.bannerfly.de\/en\/unser-service\/","og_site_name":"Bannerfly","article_modified_time":"2024-08-20T19:36:24+00:00","og_image":[{"url":"https:\/\/www.bannerfly.de\/wp-content\/uploads\/technik-flugzeug.jpg","type":"","width":"","height":""}],"twitter_card":"summary_large_image","twitter_misc":{"Estimated reading time":"3 minutes"},"schema":{"@context":"https:\/\/schema.org","@graph":[{"@type":"WebPage","@id":"https:\/\/www.bannerfly.de\/unser-service\/","url":"https:\/\/www.bannerfly.de\/unser-service\/","name":"Unser Service - Ihre Luftwerbung mit Bannerfly aus Hessen","isPartOf":{"@id":"https:\/\/www.bannerfly.de\/#website"},"primaryImageOfPage":{"@id":"https:\/\/www.bannerfly.de\/unser-service\/#primaryimage"},"image":{"@id":"https:\/\/www.bannerfly.de\/unser-service\/#primaryimage"},"thumbnailUrl":"https:\/\/www.bannerfly.de\/wp-content\/uploads\/technik-flugzeug.jpg","datePublished":"2024-04-17T11:55:03+00:00","dateModified":"2024-08-20T19:36:24+00:00","description":"Unser Service - Ihre Luftwerbung mit Bannerfly von der Konzeption bis hin zur Auswertung der Flugzeit professionell, zuverl\u00e4ssig, kosteng\u00fcnstig","breadcrumb":{"@id":"https:\/\/www.bannerfly.de\/unser-service\/#breadcrumb"},"inLanguage":"en-GB","potentialAction":[{"@type":"ReadAction","target":["https:\/\/www.bannerfly.de\/unser-service\/"]}]},{"@type":"ImageObject","inLanguage":"en-GB","@id":"https:\/\/www.bannerfly.de\/unser-service\/#primaryimage","url":"https:\/\/www.bannerfly.de\/wp-content\/uploads\/technik-flugzeug.jpg","contentUrl":"https:\/\/www.bannerfly.de\/wp-content\/uploads\/technik-flugzeug.jpg"},{"@type":"BreadcrumbList","@id":"https:\/\/www.bannerfly.de\/unser-service\/#breadcrumb","itemListElement":[{"@type":"ListItem","position":1,"name":"Startseite","item":"https:\/\/www.bannerfly.de\/"},{"@type":"ListItem","position":2,"name":"Unser Service"}]},{"@type":"WebSite","@id":"https:\/\/www.bannerfly.de\/#website","url":"https:\/\/www.bannerfly.de\/","name":"Bannerfly","description":"","publisher":{"@id":"https:\/\/www.bannerfly.de\/#organization"},"potentialAction":[{"@type":"SearchAction","target":{"@type":"EntryPoint","urlTemplate":"https:\/\/www.bannerfly.de\/?s={search_term_string}"},"query-input":{"@type":"PropertyValueSpecification","valueRequired":true,"valueName":"search_term_string"}}],"inLanguage":"en-GB"},{"@type":"Organization","@id":"https:\/\/www.bannerfly.de\/#organization","name":"Bannerfly","url":"https:\/\/www.bannerfly.de\/","logo":{"@type":"ImageObject","inLanguage":"en-GB","@id":"https:\/\/www.bannerfly.de\/#\/schema\/logo\/image\/","url":"https:\/\/www.bannerfly.de\/wp-content\/uploads\/2024\/04\/header-1.png","contentUrl":"https:\/\/www.bannerfly.de\/wp-content\/uploads\/2024\/04\/header-1.png","width":720,"height":98,"caption":"Bannerfly"},"image":{"@id":"https:\/\/www.bannerfly.de\/#\/schema\/logo\/image\/"}}]}},"_links":{"self":[{"href":"https:\/\/www.bannerfly.de\/en\/wp-json\/wp\/v2\/pages\/2","targetHints":{"allow":["GET"]}}],"collection":[{"href":"https:\/\/www.bannerfly.de\/en\/wp-json\/wp\/v2\/pages"}],"about":[{"href":"https:\/\/www.bannerfly.de\/en\/wp-json\/wp\/v2\/types\/page"}],"author":[{"embeddable":true,"href":"https:\/\/www.bannerfly.de\/en\/wp-json\/wp\/v2\/users\/1"}],"replies":[{"embeddable":true,"href":"https:\/\/www.bannerfly.de\/en\/wp-json\/wp\/v2\/comments?post=2"}],"version-history":[{"count":2,"href":"https:\/\/www.bannerfly.de\/en\/wp-json\/wp\/v2\/pages\/2\/revisions"}],"predecessor-version":[{"id":921,"href":"https:\/\/www.bannerfly.de\/en\/wp-json\/wp\/v2\/pages\/2\/revisions\/921"}],"wp:attachment":[{"href":"https:\/\/www.bannerfly.de\/en\/wp-json\/wp\/v2\/media?parent=2"}],"curies":[{"name":"wp","href":"https:\/\/api.w.org\/{rel}","templated":true}]}}