{"id":232,"date":"2024-04-18T17:07:38","date_gmt":"2024-04-18T17:07:38","guid":{"rendered":"https:\/\/dev.bannerfly.de\/?page_id=232"},"modified":"2024-08-16T18:16:59","modified_gmt":"2024-08-16T16:16:59","slug":"unsere-partner","status":"publish","type":"page","link":"https:\/\/www.bannerfly.de\/en\/unsere-partner\/","title":{"rendered":"Our partners"},"content":{"rendered":"<div data-elementor-type=\"wp-page\" data-elementor-id=\"232\" class=\"elementor elementor-232\">\n\t\t\t\t<div class=\"elementor-element elementor-element-3f48cd12 e-flex e-con-boxed e-con e-parent\" data-id=\"3f48cd12\" data-element_type=\"container\">\n\t\t\t\t\t<div class=\"e-con-inner\">\n\t\t\t\t<div class=\"elementor-element elementor-element-13373760 elementor-widget elementor-widget-heading\" data-id=\"13373760\" data-element_type=\"widget\" data-widget_type=\"heading.default\">\n\t\t\t\t<div class=\"elementor-widget-container\">\n\t\t\t\t\t<h1 class=\"elementor-heading-title elementor-size-default\">Our partners<\/h1>\t\t\t\t<\/div>\n\t\t\t\t<\/div>\n\t\t\t\t\t<\/div>\n\t\t\t\t<\/div>\n\t\t<div class=\"elementor-element elementor-element-41c91c7 e-flex e-con-boxed e-con e-parent\" data-id=\"41c91c7\" data-element_type=\"container\">\n\t\t\t\t\t<div class=\"e-con-inner\">\n\t\t\t\t<div class=\"elementor-element elementor-element-75c8c67 elementor-widget-divider--view-line elementor-widget elementor-widget-divider\" data-id=\"75c8c67\" data-element_type=\"widget\" data-widget_type=\"divider.default\">\n\t\t\t\t<div class=\"elementor-widget-container\">\n\t\t\t\t\t\t\t<div class=\"elementor-divider\">\n\t\t\t<span class=\"elementor-divider-separator\">\n\t\t\t\t\t\t<\/span>\n\t\t<\/div>\n\t\t\t\t\t\t<\/div>\n\t\t\t\t<\/div>\n\t\t\t\t\t<\/div>\n\t\t\t\t<\/div>\n\t\t<div class=\"elementor-element elementor-element-876077a e-grid e-con-boxed e-con e-parent\" data-id=\"876077a\" data-element_type=\"container\">\n\t\t\t\t\t<div class=\"e-con-inner\">\n\t\t\t\t<div class=\"elementor-element elementor-element-5de8091 elementor-widget elementor-widget-text-editor\" data-id=\"5de8091\" data-element_type=\"widget\" data-widget_type=\"text-editor.default\">\n\t\t\t\t<div class=\"elementor-widget-container\">\n\t\t\t\t\t\t\t\t\t<p>Our contractual partners are spread all over Germany.<\/p><p>Bannerfly is also the right contact for banner towing orders and aerial advertising that is to be carried out nationwide.<\/p><p class=\"translation-block\">Simply use our <a href=\"https:\/\/www.bannerfly.de\/en\/kontaktformular\/\" target=\"_self\">contact form<\/a>. for your inquiry.<\/p>\t\t\t\t\t\t\t\t<\/div>\n\t\t\t\t<\/div>\n\t\t\t\t<div class=\"elementor-element elementor-element-57f8845 elementor-widget elementor-widget-image\" data-id=\"57f8845\" data-element_type=\"widget\" data-widget_type=\"image.default\">\n\t\t\t\t<div class=\"elementor-widget-container\">\n\t\t\t\t\t\t\t\t\t\t\t\t\t\t\t<img fetchpriority=\"high\" decoding=\"async\" width=\"423\" height=\"550\" src=\"https:\/\/www.bannerfly.de\/wp-content\/uploads\/Map.jpg\" class=\"attachment-medium_large size-medium_large wp-image-235\" alt=\"Bannerfly Partner\" srcset=\"https:\/\/www.bannerfly.de\/wp-content\/uploads\/Map.jpg 423w, https:\/\/www.bannerfly.de\/wp-content\/uploads\/Map-231x300.jpg 231w\" sizes=\"(max-width: 423px) 100vw, 423px\" \/>\t\t\t\t\t\t\t\t\t\t\t\t\t\t\t<\/div>\n\t\t\t\t<\/div>\n\t\t\t\t\t<\/div>\n\t\t\t\t<\/div>\n\t\t\t\t<\/div>","protected":false},"excerpt":{"rendered":"<p>Unsere Partner Unsere Vertragspartner sind \u00fcber das ganze Bundesgebiet verteilt. Auch f\u00fcr Bannerschleppauftr\u00e4ge und Luftwerbung, die bundesweit durchgef\u00fchrt werden soll, ist Bannerfly der richtige Ansprechpartner. Nutzen Sie\u00a0f\u00fcr Ihre Anfrage\u00a0einfach unser\u00a0Kontaktformular.<\/p>","protected":false},"author":1,"featured_media":0,"parent":0,"menu_order":0,"comment_status":"closed","ping_status":"closed","template":"","meta":{"footnotes":""},"class_list":["post-232","page","type-page","status-publish","hentry"],"yoast_head":"<!-- This site is optimized with the Yoast SEO plugin v27.4 - https:\/\/yoast.com\/product\/yoast-seo-wordpress\/ -->\n<title>Unsere Partner f\u00fcr Bannerschlepp Luftwerbung<\/title>\n<meta name=\"description\" content=\"Dank unserer Partner f\u00fcr Bannerschlepp Luftwerbung, die \u00fcber das ganze Bundesgebiet verteilt sind, bieten wir die Werbung deutschlandweit an.\" \/>\n<meta name=\"robots\" content=\"index, follow, max-snippet:-1, max-image-preview:large, max-video-preview:-1\" \/>\n<link rel=\"canonical\" href=\"https:\/\/www.bannerfly.de\/en\/unsere-partner\/\" \/>\n<meta property=\"og:locale\" content=\"en_GB\" \/>\n<meta property=\"og:type\" content=\"article\" \/>\n<meta property=\"og:title\" content=\"Unsere Partner f\u00fcr Bannerschlepp Luftwerbung\" \/>\n<meta property=\"og:description\" content=\"Dank unserer Partner f\u00fcr Bannerschlepp Luftwerbung, die \u00fcber das ganze Bundesgebiet verteilt sind, bieten wir die Werbung deutschlandweit an.\" \/>\n<meta property=\"og:url\" content=\"https:\/\/www.bannerfly.de\/en\/unsere-partner\/\" \/>\n<meta property=\"og:site_name\" content=\"Bannerfly\" \/>\n<meta property=\"article:modified_time\" content=\"2024-08-16T16:16:59+00:00\" \/>\n<meta property=\"og:image\" content=\"https:\/\/www.bannerfly.de\/wp-content\/uploads\/Map.jpg\" \/>\n<meta name=\"twitter:card\" content=\"summary_large_image\" \/>\n<meta name=\"twitter:label1\" content=\"Estimated reading time\" \/>\n\t<meta name=\"twitter:data1\" content=\"1 minute\" \/>\n<script type=\"application\/ld+json\" class=\"yoast-schema-graph\">{\"@context\":\"https:\\\/\\\/schema.org\",\"@graph\":[{\"@type\":\"WebPage\",\"@id\":\"https:\\\/\\\/www.bannerfly.de\\\/unsere-partner\\\/\",\"url\":\"https:\\\/\\\/www.bannerfly.de\\\/unsere-partner\\\/\",\"name\":\"Unsere Partner f\u00fcr Bannerschlepp Luftwerbung\",\"isPartOf\":{\"@id\":\"https:\\\/\\\/www.bannerfly.de\\\/#website\"},\"primaryImageOfPage\":{\"@id\":\"https:\\\/\\\/www.bannerfly.de\\\/unsere-partner\\\/#primaryimage\"},\"image\":{\"@id\":\"https:\\\/\\\/www.bannerfly.de\\\/unsere-partner\\\/#primaryimage\"},\"thumbnailUrl\":\"https:\\\/\\\/www.bannerfly.de\\\/wp-content\\\/uploads\\\/Map.jpg\",\"datePublished\":\"2024-04-18T17:07:38+00:00\",\"dateModified\":\"2024-08-16T16:16:59+00:00\",\"description\":\"Dank unserer Partner f\u00fcr Bannerschlepp Luftwerbung, die \u00fcber das ganze Bundesgebiet verteilt sind, bieten wir die Werbung deutschlandweit an.\",\"breadcrumb\":{\"@id\":\"https:\\\/\\\/www.bannerfly.de\\\/unsere-partner\\\/#breadcrumb\"},\"inLanguage\":\"en-GB\",\"potentialAction\":[{\"@type\":\"ReadAction\",\"target\":[\"https:\\\/\\\/www.bannerfly.de\\\/unsere-partner\\\/\"]}]},{\"@type\":\"ImageObject\",\"inLanguage\":\"en-GB\",\"@id\":\"https:\\\/\\\/www.bannerfly.de\\\/unsere-partner\\\/#primaryimage\",\"url\":\"https:\\\/\\\/www.bannerfly.de\\\/wp-content\\\/uploads\\\/Map.jpg\",\"contentUrl\":\"https:\\\/\\\/www.bannerfly.de\\\/wp-content\\\/uploads\\\/Map.jpg\"},{\"@type\":\"BreadcrumbList\",\"@id\":\"https:\\\/\\\/www.bannerfly.de\\\/unsere-partner\\\/#breadcrumb\",\"itemListElement\":[{\"@type\":\"ListItem\",\"position\":1,\"name\":\"Startseite\",\"item\":\"https:\\\/\\\/www.bannerfly.de\\\/\"},{\"@type\":\"ListItem\",\"position\":2,\"name\":\"Unsere Partner\"}]},{\"@type\":\"WebSite\",\"@id\":\"https:\\\/\\\/www.bannerfly.de\\\/#website\",\"url\":\"https:\\\/\\\/www.bannerfly.de\\\/\",\"name\":\"Bannerfly\",\"description\":\"\",\"publisher\":{\"@id\":\"https:\\\/\\\/www.bannerfly.de\\\/#organization\"},\"potentialAction\":[{\"@type\":\"SearchAction\",\"target\":{\"@type\":\"EntryPoint\",\"urlTemplate\":\"https:\\\/\\\/www.bannerfly.de\\\/?s={search_term_string}\"},\"query-input\":{\"@type\":\"PropertyValueSpecification\",\"valueRequired\":true,\"valueName\":\"search_term_string\"}}],\"inLanguage\":\"en-GB\"},{\"@type\":\"Organization\",\"@id\":\"https:\\\/\\\/www.bannerfly.de\\\/#organization\",\"name\":\"Bannerfly\",\"url\":\"https:\\\/\\\/www.bannerfly.de\\\/\",\"logo\":{\"@type\":\"ImageObject\",\"inLanguage\":\"en-GB\",\"@id\":\"https:\\\/\\\/www.bannerfly.de\\\/#\\\/schema\\\/logo\\\/image\\\/\",\"url\":\"https:\\\/\\\/www.bannerfly.de\\\/wp-content\\\/uploads\\\/2024\\\/04\\\/header-1.png\",\"contentUrl\":\"https:\\\/\\\/www.bannerfly.de\\\/wp-content\\\/uploads\\\/2024\\\/04\\\/header-1.png\",\"width\":720,\"height\":98,\"caption\":\"Bannerfly\"},\"image\":{\"@id\":\"https:\\\/\\\/www.bannerfly.de\\\/#\\\/schema\\\/logo\\\/image\\\/\"}}]}<\/script>\n<!-- \/ Yoast SEO plugin. -->","yoast_head_json":{"title":"Unsere Partner f\u00fcr Bannerschlepp Luftwerbung","description":"Dank unserer Partner f\u00fcr Bannerschlepp Luftwerbung, die \u00fcber das ganze Bundesgebiet verteilt sind, bieten wir die Werbung deutschlandweit an.","robots":{"index":"index","follow":"follow","max-snippet":"max-snippet:-1","max-image-preview":"max-image-preview:large","max-video-preview":"max-video-preview:-1"},"canonical":"https:\/\/www.bannerfly.de\/en\/unsere-partner\/","og_locale":"en_GB","og_type":"article","og_title":"Unsere Partner f\u00fcr Bannerschlepp Luftwerbung","og_description":"Dank unserer Partner f\u00fcr Bannerschlepp Luftwerbung, die \u00fcber das ganze Bundesgebiet verteilt sind, bieten wir die Werbung deutschlandweit an.","og_url":"https:\/\/www.bannerfly.de\/en\/unsere-partner\/","og_site_name":"Bannerfly","article_modified_time":"2024-08-16T16:16:59+00:00","og_image":[{"url":"https:\/\/www.bannerfly.de\/wp-content\/uploads\/Map.jpg","type":"","width":"","height":""}],"twitter_card":"summary_large_image","twitter_misc":{"Estimated reading time":"1 minute"},"schema":{"@context":"https:\/\/schema.org","@graph":[{"@type":"WebPage","@id":"https:\/\/www.bannerfly.de\/unsere-partner\/","url":"https:\/\/www.bannerfly.de\/unsere-partner\/","name":"Unsere Partner f\u00fcr Bannerschlepp Luftwerbung","isPartOf":{"@id":"https:\/\/www.bannerfly.de\/#website"},"primaryImageOfPage":{"@id":"https:\/\/www.bannerfly.de\/unsere-partner\/#primaryimage"},"image":{"@id":"https:\/\/www.bannerfly.de\/unsere-partner\/#primaryimage"},"thumbnailUrl":"https:\/\/www.bannerfly.de\/wp-content\/uploads\/Map.jpg","datePublished":"2024-04-18T17:07:38+00:00","dateModified":"2024-08-16T16:16:59+00:00","description":"Dank unserer Partner f\u00fcr Bannerschlepp Luftwerbung, die \u00fcber das ganze Bundesgebiet verteilt sind, bieten wir die Werbung deutschlandweit an.","breadcrumb":{"@id":"https:\/\/www.bannerfly.de\/unsere-partner\/#breadcrumb"},"inLanguage":"en-GB","potentialAction":[{"@type":"ReadAction","target":["https:\/\/www.bannerfly.de\/unsere-partner\/"]}]},{"@type":"ImageObject","inLanguage":"en-GB","@id":"https:\/\/www.bannerfly.de\/unsere-partner\/#primaryimage","url":"https:\/\/www.bannerfly.de\/wp-content\/uploads\/Map.jpg","contentUrl":"https:\/\/www.bannerfly.de\/wp-content\/uploads\/Map.jpg"},{"@type":"BreadcrumbList","@id":"https:\/\/www.bannerfly.de\/unsere-partner\/#breadcrumb","itemListElement":[{"@type":"ListItem","position":1,"name":"Startseite","item":"https:\/\/www.bannerfly.de\/"},{"@type":"ListItem","position":2,"name":"Unsere Partner"}]},{"@type":"WebSite","@id":"https:\/\/www.bannerfly.de\/#website","url":"https:\/\/www.bannerfly.de\/","name":"Bannerfly","description":"","publisher":{"@id":"https:\/\/www.bannerfly.de\/#organization"},"potentialAction":[{"@type":"SearchAction","target":{"@type":"EntryPoint","urlTemplate":"https:\/\/www.bannerfly.de\/?s={search_term_string}"},"query-input":{"@type":"PropertyValueSpecification","valueRequired":true,"valueName":"search_term_string"}}],"inLanguage":"en-GB"},{"@type":"Organization","@id":"https:\/\/www.bannerfly.de\/#organization","name":"Bannerfly","url":"https:\/\/www.bannerfly.de\/","logo":{"@type":"ImageObject","inLanguage":"en-GB","@id":"https:\/\/www.bannerfly.de\/#\/schema\/logo\/image\/","url":"https:\/\/www.bannerfly.de\/wp-content\/uploads\/2024\/04\/header-1.png","contentUrl":"https:\/\/www.bannerfly.de\/wp-content\/uploads\/2024\/04\/header-1.png","width":720,"height":98,"caption":"Bannerfly"},"image":{"@id":"https:\/\/www.bannerfly.de\/#\/schema\/logo\/image\/"}}]}},"_links":{"self":[{"href":"https:\/\/www.bannerfly.de\/en\/wp-json\/wp\/v2\/pages\/232","targetHints":{"allow":["GET"]}}],"collection":[{"href":"https:\/\/www.bannerfly.de\/en\/wp-json\/wp\/v2\/pages"}],"about":[{"href":"https:\/\/www.bannerfly.de\/en\/wp-json\/wp\/v2\/types\/page"}],"author":[{"embeddable":true,"href":"https:\/\/www.bannerfly.de\/en\/wp-json\/wp\/v2\/users\/1"}],"replies":[{"embeddable":true,"href":"https:\/\/www.bannerfly.de\/en\/wp-json\/wp\/v2\/comments?post=232"}],"version-history":[{"count":2,"href":"https:\/\/www.bannerfly.de\/en\/wp-json\/wp\/v2\/pages\/232\/revisions"}],"predecessor-version":[{"id":744,"href":"https:\/\/www.bannerfly.de\/en\/wp-json\/wp\/v2\/pages\/232\/revisions\/744"}],"wp:attachment":[{"href":"https:\/\/www.bannerfly.de\/en\/wp-json\/wp\/v2\/media?parent=232"}],"curies":[{"name":"wp","href":"https:\/\/api.w.org\/{rel}","templated":true}]}}