{"id":291,"date":"2024-04-19T10:15:15","date_gmt":"2024-04-19T10:15:15","guid":{"rendered":"https:\/\/dev.bannerfly.de\/?page_id=291"},"modified":"2024-08-16T17:18:18","modified_gmt":"2024-08-16T15:18:18","slug":"flugbanner","status":"publish","type":"page","link":"https:\/\/www.bannerfly.de\/en\/unser-service\/flugbanner\/","title":{"rendered":"Aerial banners"},"content":{"rendered":"<div data-elementor-type=\"wp-page\" data-elementor-id=\"291\" class=\"elementor elementor-291\">\n\t\t\t\t<div class=\"elementor-element elementor-element-12115263 e-flex e-con-boxed e-con e-parent\" data-id=\"12115263\" data-element_type=\"container\">\n\t\t\t\t\t<div class=\"e-con-inner\">\n\t\t\t\t<div class=\"elementor-element elementor-element-654442cf elementor-widget elementor-widget-heading\" data-id=\"654442cf\" data-element_type=\"widget\" data-widget_type=\"heading.default\">\n\t\t\t\t<div class=\"elementor-widget-container\">\n\t\t\t\t\t<h1 class=\"elementor-heading-title elementor-size-default\">Aerial banners<\/h1>\t\t\t\t<\/div>\n\t\t\t\t<\/div>\n\t\t\t\t\t<\/div>\n\t\t\t\t<\/div>\n\t\t<div class=\"elementor-element elementor-element-8e618a1 e-flex e-con-boxed e-con e-parent\" data-id=\"8e618a1\" data-element_type=\"container\">\n\t\t\t\t\t<div class=\"e-con-inner\">\n\t\t\t\t<div class=\"elementor-element elementor-element-67617c8 elementor-widget elementor-widget-heading\" data-id=\"67617c8\" data-element_type=\"widget\" data-widget_type=\"heading.default\">\n\t\t\t\t<div class=\"elementor-widget-container\">\n\t\t\t\t\t<h2 class=\"elementor-heading-title elementor-size-default\">The following types of towing banners are used:<\/h2>\t\t\t\t<\/div>\n\t\t\t\t<\/div>\n\t\t\t\t<div class=\"elementor-element elementor-element-4f3af24 elementor-widget-divider--view-line elementor-widget elementor-widget-divider\" data-id=\"4f3af24\" data-element_type=\"widget\" data-widget_type=\"divider.default\">\n\t\t\t\t<div class=\"elementor-widget-container\">\n\t\t\t\t\t\t\t<div class=\"elementor-divider\">\n\t\t\t<span class=\"elementor-divider-separator\">\n\t\t\t\t\t\t<\/span>\n\t\t<\/div>\n\t\t\t\t\t\t<\/div>\n\t\t\t\t<\/div>\n\t\t\t\t\t<\/div>\n\t\t\t\t<\/div>\n\t\t<div class=\"elementor-element elementor-element-dde40f0 e-flex e-con-boxed e-con e-parent\" data-id=\"dde40f0\" data-element_type=\"container\">\n\t\t\t\t\t<div class=\"e-con-inner\">\n\t\t\t\t<div class=\"elementor-element elementor-element-9858ee0 elementor-widget elementor-widget-heading\" data-id=\"9858ee0\" data-element_type=\"widget\" data-widget_type=\"heading.default\">\n\t\t\t\t<div class=\"elementor-widget-container\">\n\t\t\t\t\t<h3 class=\"elementor-heading-title elementor-size-default\">Billboard banners<\/h3>\t\t\t\t<\/div>\n\t\t\t\t<\/div>\n\t\t\t\t\t<\/div>\n\t\t\t\t<\/div>\n\t\t<div class=\"elementor-element elementor-element-d11a9fd e-grid e-con-boxed e-con e-parent\" data-id=\"d11a9fd\" data-element_type=\"container\">\n\t\t\t\t\t<div class=\"e-con-inner\">\n\t\t\t\t<div class=\"elementor-element elementor-element-73b1b80 elementor-widget elementor-widget-text-editor\" data-id=\"73b1b80\" data-element_type=\"widget\" data-widget_type=\"text-editor.default\">\n\t\t\t\t<div class=\"elementor-widget-container\">\n\t\t\t\t\t\t\t\t\t<p>Billboard banners are printed digitally and thus offer the possibility of reproducing even complex motifs with color gradients and shading in a photorealistic manner. By producing the banners ourselves, we are able to offer them to you at a reasonable price.<\/p><p><strong>Billboard trailing banners are made of durable nylon ripstop fabric, which allows them to be used for at least 200 towing hours. This means that the fixed costs are low in relation to the service life of these banners.<\/strong><\/p>\t\t\t\t\t\t\t\t<\/div>\n\t\t\t\t<\/div>\n\t\t\t\t<div class=\"elementor-element elementor-element-4f1e522 elementor-widget elementor-widget-image\" data-id=\"4f1e522\" data-element_type=\"widget\" data-widget_type=\"image.default\">\n\t\t\t\t<div class=\"elementor-widget-container\">\n\t\t\t\t\t\t\t\t\t\t\t\t\t\t\t<img fetchpriority=\"high\" decoding=\"async\" width=\"426\" height=\"216\" src=\"https:\/\/www.bannerfly.de\/wp-content\/uploads\/schleppbanner-eintracht.jpg\" class=\"attachment-large size-large wp-image-718\" alt=\"Schleppbanner - Plakatbanner Eintracht\" srcset=\"https:\/\/www.bannerfly.de\/wp-content\/uploads\/schleppbanner-eintracht.jpg 426w, https:\/\/www.bannerfly.de\/wp-content\/uploads\/schleppbanner-eintracht-300x152.jpg 300w, https:\/\/www.bannerfly.de\/wp-content\/uploads\/schleppbanner-eintracht-18x9.jpg 18w\" sizes=\"(max-width: 426px) 100vw, 426px\" \/>\t\t\t\t\t\t\t\t\t\t\t\t\t\t\t<\/div>\n\t\t\t\t<\/div>\n\t\t\t\t\t<\/div>\n\t\t\t\t<\/div>\n\t\t<div class=\"elementor-element elementor-element-1556ff9 e-flex e-con-boxed e-con e-parent\" data-id=\"1556ff9\" data-element_type=\"container\">\n\t\t\t\t\t<div class=\"e-con-inner\">\n\t\t\t\t<div class=\"elementor-element elementor-element-0dab939 elementor-widget elementor-widget-heading\" data-id=\"0dab939\" data-element_type=\"widget\" data-widget_type=\"heading.default\">\n\t\t\t\t<div class=\"elementor-widget-container\">\n\t\t\t\t\t<h3 class=\"elementor-heading-title elementor-size-default\">Combination banner<\/h3>\t\t\t\t<\/div>\n\t\t\t\t<\/div>\n\t\t\t\t\t<\/div>\n\t\t\t\t<\/div>\n\t\t<div class=\"elementor-element elementor-element-be0e6bc e-grid e-con-boxed e-con e-parent\" data-id=\"be0e6bc\" data-element_type=\"container\">\n\t\t\t\t\t<div class=\"e-con-inner\">\n\t\t\t\t<div class=\"elementor-element elementor-element-b260474 elementor-widget elementor-widget-text-editor\" data-id=\"b260474\" data-element_type=\"widget\" data-widget_type=\"text-editor.default\">\n\t\t\t\t<div class=\"elementor-widget-container\">\n\t\t\t\t\t\t\t\t\t<p>It is possible to tow two or three low banners on top of each other, for example a reusable sponsor banner combined with an event-specific, low-cost banner. This banner can be updated at regular intervals.<\/p>\t\t\t\t\t\t\t\t<\/div>\n\t\t\t\t<\/div>\n\t\t\t\t<div class=\"elementor-element elementor-element-cc029ed elementor-widget elementor-widget-image\" data-id=\"cc029ed\" data-element_type=\"widget\" data-widget_type=\"image.default\">\n\t\t\t\t<div class=\"elementor-widget-container\">\n\t\t\t\t\t\t\t\t\t\t\t\t\t\t\t<img decoding=\"async\" width=\"426\" height=\"123\" src=\"https:\/\/www.bannerfly.de\/wp-content\/uploads\/schleppbanner-nahkauf.jpg\" class=\"attachment-large size-large wp-image-719\" alt=\"Schleppbanner - Kombibanner Nahkauf\" srcset=\"https:\/\/www.bannerfly.de\/wp-content\/uploads\/schleppbanner-nahkauf.jpg 426w, https:\/\/www.bannerfly.de\/wp-content\/uploads\/schleppbanner-nahkauf-300x87.jpg 300w, https:\/\/www.bannerfly.de\/wp-content\/uploads\/schleppbanner-nahkauf-18x5.jpg 18w, https:\/\/www.bannerfly.de\/wp-content\/uploads\/schleppbanner-nahkauf-350x100.jpg 350w\" sizes=\"(max-width: 426px) 100vw, 426px\" \/>\t\t\t\t\t\t\t\t\t\t\t\t\t\t\t<\/div>\n\t\t\t\t<\/div>\n\t\t\t\t\t<\/div>\n\t\t\t\t<\/div>\n\t\t<div class=\"elementor-element elementor-element-deaa9c8 e-flex e-con-boxed e-con e-parent\" data-id=\"deaa9c8\" data-element_type=\"container\">\n\t\t\t\t\t<div class=\"e-con-inner\">\n\t\t\t\t<div class=\"elementor-element elementor-element-059120c elementor-widget elementor-widget-heading\" data-id=\"059120c\" data-element_type=\"widget\" data-widget_type=\"heading.default\">\n\t\t\t\t<div class=\"elementor-widget-container\">\n\t\t\t\t\t<h3 class=\"elementor-heading-title elementor-size-default\">Rental banner<\/h3>\t\t\t\t<\/div>\n\t\t\t\t<\/div>\n\t\t\t\t\t<\/div>\n\t\t\t\t<\/div>\n\t\t<div class=\"elementor-element elementor-element-820a5b6 e-grid e-con-boxed e-con e-parent\" data-id=\"820a5b6\" data-element_type=\"container\">\n\t\t\t\t\t<div class=\"e-con-inner\">\n\t\t<div class=\"elementor-element elementor-element-42a8cb5 e-grid e-con-boxed e-con e-child\" data-id=\"42a8cb5\" data-element_type=\"container\">\n\t\t\t\t\t<div class=\"e-con-inner\">\n\t\t\t\t<div class=\"elementor-element elementor-element-dc037f9 elementor-widget elementor-widget-text-editor\" data-id=\"dc037f9\" data-element_type=\"widget\" data-widget_type=\"text-editor.default\">\n\t\t\t\t<div class=\"elementor-widget-container\">\n\t\t\t\t\t\t\t\t\t<p>We fly the exclusive \"heavenly gift\" for birthday greetings, company anniversaries or private messages. The rental banners are booked by the hour. Additional text messages are charged individually.<\/p>\t\t\t\t\t\t\t\t<\/div>\n\t\t\t\t<\/div>\n\t\t\t\t<div class=\"elementor-element elementor-element-f7801a3 elementor-widget elementor-widget-image\" data-id=\"f7801a3\" data-element_type=\"widget\" data-widget_type=\"image.default\">\n\t\t\t\t<div class=\"elementor-widget-container\">\n\t\t\t\t\t\t\t\t\t\t\t\t\t\t\t<img decoding=\"async\" width=\"454\" height=\"54\" src=\"https:\/\/www.bannerfly.de\/wp-content\/uploads\/banner-zur-hochzeit-alles-gute.png\" class=\"attachment-large size-large wp-image-583\" alt=\"Banner Zur Hochzeit alles Gute\" srcset=\"https:\/\/www.bannerfly.de\/wp-content\/uploads\/banner-zur-hochzeit-alles-gute.png 454w, https:\/\/www.bannerfly.de\/wp-content\/uploads\/banner-zur-hochzeit-alles-gute-300x36.png 300w\" sizes=\"(max-width: 454px) 100vw, 454px\" \/>\t\t\t\t\t\t\t\t\t\t\t\t\t\t\t<\/div>\n\t\t\t\t<\/div>\n\t\t\t\t\t<\/div>\n\t\t\t\t<\/div>\n\t\t<div class=\"elementor-element elementor-element-f6308b3 e-grid e-con-boxed e-con e-child\" data-id=\"f6308b3\" data-element_type=\"container\">\n\t\t\t\t\t<div class=\"e-con-inner\">\n\t\t\t\t<div class=\"elementor-element elementor-element-33d2627 elementor-widget elementor-widget-image\" data-id=\"33d2627\" data-element_type=\"widget\" data-widget_type=\"image.default\">\n\t\t\t\t<div class=\"elementor-widget-container\">\n\t\t\t\t\t\t\t\t\t\t\t\t\t\t\t<img loading=\"lazy\" decoding=\"async\" width=\"426\" height=\"82\" src=\"https:\/\/www.bannerfly.de\/wp-content\/uploads\/banner-ich-liebe-dich.png\" class=\"attachment-large size-large wp-image-477\" alt=\"Banner Ich liebe Dich\" srcset=\"https:\/\/www.bannerfly.de\/wp-content\/uploads\/banner-ich-liebe-dich.png 426w, https:\/\/www.bannerfly.de\/wp-content\/uploads\/banner-ich-liebe-dich-300x58.png 300w\" sizes=\"(max-width: 426px) 100vw, 426px\" \/>\t\t\t\t\t\t\t\t\t\t\t\t\t\t\t<\/div>\n\t\t\t\t<\/div>\n\t\t\t\t<div class=\"elementor-element elementor-element-493d86b elementor-widget elementor-widget-image\" data-id=\"493d86b\" data-element_type=\"widget\" data-widget_type=\"image.default\">\n\t\t\t\t<div class=\"elementor-widget-container\">\n\t\t\t\t\t\t\t\t\t\t\t\t\t\t\t<img loading=\"lazy\" decoding=\"async\" width=\"426\" height=\"56\" src=\"https:\/\/www.bannerfly.de\/wp-content\/uploads\/happy-birthday.png\" class=\"attachment-large size-large wp-image-618\" alt=\"Flugbanner Happy Birthday\" srcset=\"https:\/\/www.bannerfly.de\/wp-content\/uploads\/happy-birthday.png 426w, https:\/\/www.bannerfly.de\/wp-content\/uploads\/happy-birthday-300x39.png 300w\" sizes=\"(max-width: 426px) 100vw, 426px\" \/>\t\t\t\t\t\t\t\t\t\t\t\t\t\t\t<\/div>\n\t\t\t\t<\/div>\n\t\t\t\t<div class=\"elementor-element elementor-element-02a4c96 elementor-widget elementor-widget-image\" data-id=\"02a4c96\" data-element_type=\"widget\" data-widget_type=\"image.default\">\n\t\t\t\t<div class=\"elementor-widget-container\">\n\t\t\t\t\t\t\t\t\t\t\t\t\t\t\t<img loading=\"lazy\" decoding=\"async\" width=\"426\" height=\"65\" src=\"https:\/\/www.bannerfly.de\/wp-content\/uploads\/banner-willst-du-mich-heiraten.png\" class=\"attachment-large size-large wp-image-582\" alt=\"Banner Willst Du mich heiraten\" srcset=\"https:\/\/www.bannerfly.de\/wp-content\/uploads\/banner-willst-du-mich-heiraten.png 426w, https:\/\/www.bannerfly.de\/wp-content\/uploads\/banner-willst-du-mich-heiraten-300x46.png 300w\" sizes=\"(max-width: 426px) 100vw, 426px\" \/>\t\t\t\t\t\t\t\t\t\t\t\t\t\t\t<\/div>\n\t\t\t\t<\/div>\n\t\t\t\t\t<\/div>\n\t\t\t\t<\/div>\n\t\t\t\t\t<\/div>\n\t\t\t\t<\/div>\n\t\t\t\t<\/div>","protected":false},"excerpt":{"rendered":"<p>Schleppbanner Folgende Arten von Schleppbannern kommen zum Einsatz: Plakatbanner Plakatbanner werden digital bedruckt und bieten so die M\u00f6glichkeit auch komplexe Motive mit Farbverl\u00e4ufen und Schattierungen fotorealistisch abzubilden. Durch eigene Produktion der Banner sind wir in der Lage, Ihnen diese kosteng\u00fcnstig anzubieten. Plakat-Schleppbanner werden aus haltbarem Nylon Ripstop Tuch hergestellt, das den Einsatz von mindestens 200 [&hellip;]<\/p>","protected":false},"author":1,"featured_media":0,"parent":2,"menu_order":0,"comment_status":"closed","ping_status":"closed","template":"","meta":{"footnotes":""},"class_list":["post-291","page","type-page","status-publish","hentry"],"yoast_head":"<!-- This site is optimized with the Yoast SEO plugin v27.5 - https:\/\/yoast.com\/product\/yoast-seo-wordpress\/ -->\n<title>Flugbanner, Plakatbanner, Kombibanner, Leihbanner<\/title>\n<meta name=\"description\" content=\"Flugbanner, Plakatbanner, Kombibanner, Leihbanner. Bannerflugwerbung f. Firmenjubil\u00e4um, Liebesgr\u00fc\u00dfe, Firmener\u00f6ffnung, Geburtstagsgr\u00fc\u00dfe, private Botschaften\" \/>\n<meta name=\"robots\" content=\"index, follow, max-snippet:-1, max-image-preview:large, max-video-preview:-1\" \/>\n<link rel=\"canonical\" href=\"https:\/\/www.bannerfly.de\/en\/unser-service\/flugbanner\/\" \/>\n<meta property=\"og:locale\" content=\"en_GB\" \/>\n<meta property=\"og:type\" content=\"article\" \/>\n<meta property=\"og:title\" content=\"Flugbanner, Plakatbanner, Kombibanner, Leihbanner\" \/>\n<meta property=\"og:description\" content=\"Flugbanner, Plakatbanner, Kombibanner, Leihbanner. Bannerflugwerbung f. Firmenjubil\u00e4um, Liebesgr\u00fc\u00dfe, Firmener\u00f6ffnung, Geburtstagsgr\u00fc\u00dfe, private Botschaften\" \/>\n<meta property=\"og:url\" content=\"https:\/\/www.bannerfly.de\/en\/unser-service\/flugbanner\/\" \/>\n<meta property=\"og:site_name\" content=\"Bannerfly\" \/>\n<meta property=\"article:modified_time\" content=\"2024-08-16T15:18:18+00:00\" \/>\n<meta property=\"og:image\" content=\"https:\/\/www.bannerfly.de\/wp-content\/uploads\/schleppbanner-eintracht.jpg\" \/>\n<meta name=\"twitter:card\" content=\"summary_large_image\" \/>\n<meta name=\"twitter:label1\" content=\"Estimated reading time\" \/>\n\t<meta name=\"twitter:data1\" content=\"2 minutes\" \/>\n<script type=\"application\/ld+json\" class=\"yoast-schema-graph\">{\"@context\":\"https:\\\/\\\/schema.org\",\"@graph\":[{\"@type\":\"WebPage\",\"@id\":\"https:\\\/\\\/www.bannerfly.de\\\/unser-service\\\/flugbanner\\\/\",\"url\":\"https:\\\/\\\/www.bannerfly.de\\\/unser-service\\\/flugbanner\\\/\",\"name\":\"Flugbanner, Plakatbanner, Kombibanner, Leihbanner\",\"isPartOf\":{\"@id\":\"https:\\\/\\\/www.bannerfly.de\\\/#website\"},\"primaryImageOfPage\":{\"@id\":\"https:\\\/\\\/www.bannerfly.de\\\/unser-service\\\/flugbanner\\\/#primaryimage\"},\"image\":{\"@id\":\"https:\\\/\\\/www.bannerfly.de\\\/unser-service\\\/flugbanner\\\/#primaryimage\"},\"thumbnailUrl\":\"https:\\\/\\\/www.bannerfly.de\\\/wp-content\\\/uploads\\\/schleppbanner-eintracht.jpg\",\"datePublished\":\"2024-04-19T10:15:15+00:00\",\"dateModified\":\"2024-08-16T15:18:18+00:00\",\"description\":\"Flugbanner, Plakatbanner, Kombibanner, Leihbanner. Bannerflugwerbung f. Firmenjubil\u00e4um, Liebesgr\u00fc\u00dfe, Firmener\u00f6ffnung, Geburtstagsgr\u00fc\u00dfe, private Botschaften\",\"breadcrumb\":{\"@id\":\"https:\\\/\\\/www.bannerfly.de\\\/unser-service\\\/flugbanner\\\/#breadcrumb\"},\"inLanguage\":\"en-GB\",\"potentialAction\":[{\"@type\":\"ReadAction\",\"target\":[\"https:\\\/\\\/www.bannerfly.de\\\/unser-service\\\/flugbanner\\\/\"]}]},{\"@type\":\"ImageObject\",\"inLanguage\":\"en-GB\",\"@id\":\"https:\\\/\\\/www.bannerfly.de\\\/unser-service\\\/flugbanner\\\/#primaryimage\",\"url\":\"https:\\\/\\\/www.bannerfly.de\\\/wp-content\\\/uploads\\\/schleppbanner-eintracht.jpg\",\"contentUrl\":\"https:\\\/\\\/www.bannerfly.de\\\/wp-content\\\/uploads\\\/schleppbanner-eintracht.jpg\"},{\"@type\":\"BreadcrumbList\",\"@id\":\"https:\\\/\\\/www.bannerfly.de\\\/unser-service\\\/flugbanner\\\/#breadcrumb\",\"itemListElement\":[{\"@type\":\"ListItem\",\"position\":1,\"name\":\"Startseite\",\"item\":\"https:\\\/\\\/www.bannerfly.de\\\/\"},{\"@type\":\"ListItem\",\"position\":2,\"name\":\"Unser Service\",\"item\":\"https:\\\/\\\/www.bannerfly.de\\\/unser-service\\\/\"},{\"@type\":\"ListItem\",\"position\":3,\"name\":\"Flugbanner\"}]},{\"@type\":\"WebSite\",\"@id\":\"https:\\\/\\\/www.bannerfly.de\\\/#website\",\"url\":\"https:\\\/\\\/www.bannerfly.de\\\/\",\"name\":\"Bannerfly\",\"description\":\"\",\"publisher\":{\"@id\":\"https:\\\/\\\/www.bannerfly.de\\\/#organization\"},\"potentialAction\":[{\"@type\":\"SearchAction\",\"target\":{\"@type\":\"EntryPoint\",\"urlTemplate\":\"https:\\\/\\\/www.bannerfly.de\\\/?s={search_term_string}\"},\"query-input\":{\"@type\":\"PropertyValueSpecification\",\"valueRequired\":true,\"valueName\":\"search_term_string\"}}],\"inLanguage\":\"en-GB\"},{\"@type\":\"Organization\",\"@id\":\"https:\\\/\\\/www.bannerfly.de\\\/#organization\",\"name\":\"Bannerfly\",\"url\":\"https:\\\/\\\/www.bannerfly.de\\\/\",\"logo\":{\"@type\":\"ImageObject\",\"inLanguage\":\"en-GB\",\"@id\":\"https:\\\/\\\/www.bannerfly.de\\\/#\\\/schema\\\/logo\\\/image\\\/\",\"url\":\"https:\\\/\\\/www.bannerfly.de\\\/wp-content\\\/uploads\\\/2024\\\/04\\\/header-1.png\",\"contentUrl\":\"https:\\\/\\\/www.bannerfly.de\\\/wp-content\\\/uploads\\\/2024\\\/04\\\/header-1.png\",\"width\":720,\"height\":98,\"caption\":\"Bannerfly\"},\"image\":{\"@id\":\"https:\\\/\\\/www.bannerfly.de\\\/#\\\/schema\\\/logo\\\/image\\\/\"}}]}<\/script>\n<!-- \/ Yoast SEO plugin. -->","yoast_head_json":{"title":"Flugbanner, Plakatbanner, Kombibanner, Leihbanner","description":"Flugbanner, Plakatbanner, Kombibanner, Leihbanner. Bannerflugwerbung f. Firmenjubil\u00e4um, Liebesgr\u00fc\u00dfe, Firmener\u00f6ffnung, Geburtstagsgr\u00fc\u00dfe, private Botschaften","robots":{"index":"index","follow":"follow","max-snippet":"max-snippet:-1","max-image-preview":"max-image-preview:large","max-video-preview":"max-video-preview:-1"},"canonical":"https:\/\/www.bannerfly.de\/en\/unser-service\/flugbanner\/","og_locale":"en_GB","og_type":"article","og_title":"Flugbanner, Plakatbanner, Kombibanner, Leihbanner","og_description":"Flugbanner, Plakatbanner, Kombibanner, Leihbanner. Bannerflugwerbung f. Firmenjubil\u00e4um, Liebesgr\u00fc\u00dfe, Firmener\u00f6ffnung, Geburtstagsgr\u00fc\u00dfe, private Botschaften","og_url":"https:\/\/www.bannerfly.de\/en\/unser-service\/flugbanner\/","og_site_name":"Bannerfly","article_modified_time":"2024-08-16T15:18:18+00:00","og_image":[{"url":"https:\/\/www.bannerfly.de\/wp-content\/uploads\/schleppbanner-eintracht.jpg","type":"","width":"","height":""}],"twitter_card":"summary_large_image","twitter_misc":{"Estimated reading time":"2 minutes"},"schema":{"@context":"https:\/\/schema.org","@graph":[{"@type":"WebPage","@id":"https:\/\/www.bannerfly.de\/unser-service\/flugbanner\/","url":"https:\/\/www.bannerfly.de\/unser-service\/flugbanner\/","name":"Flugbanner, Plakatbanner, Kombibanner, Leihbanner","isPartOf":{"@id":"https:\/\/www.bannerfly.de\/#website"},"primaryImageOfPage":{"@id":"https:\/\/www.bannerfly.de\/unser-service\/flugbanner\/#primaryimage"},"image":{"@id":"https:\/\/www.bannerfly.de\/unser-service\/flugbanner\/#primaryimage"},"thumbnailUrl":"https:\/\/www.bannerfly.de\/wp-content\/uploads\/schleppbanner-eintracht.jpg","datePublished":"2024-04-19T10:15:15+00:00","dateModified":"2024-08-16T15:18:18+00:00","description":"Flugbanner, Plakatbanner, Kombibanner, Leihbanner. Bannerflugwerbung f. Firmenjubil\u00e4um, Liebesgr\u00fc\u00dfe, Firmener\u00f6ffnung, Geburtstagsgr\u00fc\u00dfe, private Botschaften","breadcrumb":{"@id":"https:\/\/www.bannerfly.de\/unser-service\/flugbanner\/#breadcrumb"},"inLanguage":"en-GB","potentialAction":[{"@type":"ReadAction","target":["https:\/\/www.bannerfly.de\/unser-service\/flugbanner\/"]}]},{"@type":"ImageObject","inLanguage":"en-GB","@id":"https:\/\/www.bannerfly.de\/unser-service\/flugbanner\/#primaryimage","url":"https:\/\/www.bannerfly.de\/wp-content\/uploads\/schleppbanner-eintracht.jpg","contentUrl":"https:\/\/www.bannerfly.de\/wp-content\/uploads\/schleppbanner-eintracht.jpg"},{"@type":"BreadcrumbList","@id":"https:\/\/www.bannerfly.de\/unser-service\/flugbanner\/#breadcrumb","itemListElement":[{"@type":"ListItem","position":1,"name":"Startseite","item":"https:\/\/www.bannerfly.de\/"},{"@type":"ListItem","position":2,"name":"Unser Service","item":"https:\/\/www.bannerfly.de\/unser-service\/"},{"@type":"ListItem","position":3,"name":"Flugbanner"}]},{"@type":"WebSite","@id":"https:\/\/www.bannerfly.de\/#website","url":"https:\/\/www.bannerfly.de\/","name":"Bannerfly","description":"","publisher":{"@id":"https:\/\/www.bannerfly.de\/#organization"},"potentialAction":[{"@type":"SearchAction","target":{"@type":"EntryPoint","urlTemplate":"https:\/\/www.bannerfly.de\/?s={search_term_string}"},"query-input":{"@type":"PropertyValueSpecification","valueRequired":true,"valueName":"search_term_string"}}],"inLanguage":"en-GB"},{"@type":"Organization","@id":"https:\/\/www.bannerfly.de\/#organization","name":"Bannerfly","url":"https:\/\/www.bannerfly.de\/","logo":{"@type":"ImageObject","inLanguage":"en-GB","@id":"https:\/\/www.bannerfly.de\/#\/schema\/logo\/image\/","url":"https:\/\/www.bannerfly.de\/wp-content\/uploads\/2024\/04\/header-1.png","contentUrl":"https:\/\/www.bannerfly.de\/wp-content\/uploads\/2024\/04\/header-1.png","width":720,"height":98,"caption":"Bannerfly"},"image":{"@id":"https:\/\/www.bannerfly.de\/#\/schema\/logo\/image\/"}}]}},"_links":{"self":[{"href":"https:\/\/www.bannerfly.de\/en\/wp-json\/wp\/v2\/pages\/291","targetHints":{"allow":["GET"]}}],"collection":[{"href":"https:\/\/www.bannerfly.de\/en\/wp-json\/wp\/v2\/pages"}],"about":[{"href":"https:\/\/www.bannerfly.de\/en\/wp-json\/wp\/v2\/types\/page"}],"author":[{"embeddable":true,"href":"https:\/\/www.bannerfly.de\/en\/wp-json\/wp\/v2\/users\/1"}],"replies":[{"embeddable":true,"href":"https:\/\/www.bannerfly.de\/en\/wp-json\/wp\/v2\/comments?post=291"}],"version-history":[{"count":2,"href":"https:\/\/www.bannerfly.de\/en\/wp-json\/wp\/v2\/pages\/291\/revisions"}],"predecessor-version":[{"id":726,"href":"https:\/\/www.bannerfly.de\/en\/wp-json\/wp\/v2\/pages\/291\/revisions\/726"}],"up":[{"embeddable":true,"href":"https:\/\/www.bannerfly.de\/en\/wp-json\/wp\/v2\/pages\/2"}],"wp:attachment":[{"href":"https:\/\/www.bannerfly.de\/en\/wp-json\/wp\/v2\/media?parent=291"}],"curies":[{"name":"wp","href":"https:\/\/api.w.org\/{rel}","templated":true}]}}